{"id":360,"date":"2024-07-06T10:25:37","date_gmt":"2024-07-06T10:25:37","guid":{"rendered":"https:\/\/www.cleinercabadias.com\/?post_type=product&#038;p=360"},"modified":"2024-07-07T16:14:19","modified_gmt":"2024-07-07T16:14:19","slug":"cinturon","status":"publish","type":"product","link":"https:\/\/www.cleinercabadias.com\/en\/product\/cinturon\/","title":{"rendered":"Cintur\u00f3n"},"content":{"rendered":"","protected":false},"excerpt":{"rendered":"<p>Cintur\u00f3n elaborado en chaquira checa por los ind\u00edgenas, Ember Wounaan del Choco, de color amarillo que representa para ellos fuente de inspiraci\u00f3n, la\u00a0alegr\u00eda, el sol.<\/p>\n<p>Cuenta con el logo de la marca en el frente. Las madres les van ense\u00f1ado a las hijas de generaci\u00f3n en generaci\u00f3n, las t\u00e9cnicas, el significado de cada color, de los signos y los dibujos, dejando a trav\u00e9s del tejido el legado cultural.<\/p>","protected":false},"featured_media":361,"template":"","meta":[],"product_brand":[],"product_cat":[23],"product_tag":[],"class_list":{"0":"post-360","1":"product","2":"type-product","3":"status-publish","4":"has-post-thumbnail","6":"product_cat-accesorios","8":"first","9":"outofstock","10":"shipping-taxable","11":"purchasable","12":"product-type-simple"},"_links":{"self":[{"href":"https:\/\/www.cleinercabadias.com\/en\/wp-json\/wp\/v2\/product\/360","targetHints":{"allow":["GET"]}}],"collection":[{"href":"https:\/\/www.cleinercabadias.com\/en\/wp-json\/wp\/v2\/product"}],"about":[{"href":"https:\/\/www.cleinercabadias.com\/en\/wp-json\/wp\/v2\/types\/product"}],"wp:featuredmedia":[{"embeddable":true,"href":"https:\/\/www.cleinercabadias.com\/en\/wp-json\/wp\/v2\/media\/361"}],"wp:attachment":[{"href":"https:\/\/www.cleinercabadias.com\/en\/wp-json\/wp\/v2\/media?parent=360"}],"wp:term":[{"taxonomy":"product_brand","embeddable":true,"href":"https:\/\/www.cleinercabadias.com\/en\/wp-json\/wp\/v2\/product_brand?post=360"},{"taxonomy":"product_cat","embeddable":true,"href":"https:\/\/www.cleinercabadias.com\/en\/wp-json\/wp\/v2\/product_cat?post=360"},{"taxonomy":"product_tag","embeddable":true,"href":"https:\/\/www.cleinercabadias.com\/en\/wp-json\/wp\/v2\/product_tag?post=360"}],"curies":[{"name":"wp","href":"https:\/\/api.w.org\/{rel}","templated":true}]}}