{"id":343,"date":"2024-07-06T10:16:25","date_gmt":"2024-07-06T10:16:25","guid":{"rendered":"https:\/\/www.cleinercabadias.com\/?post_type=product&#038;p=343"},"modified":"2024-07-06T10:16:25","modified_gmt":"2024-07-06T10:16:25","slug":"vestido-maranon","status":"publish","type":"product","link":"https:\/\/www.cleinercabadias.com\/en\/product\/vestido-maranon\/","title":{"rendered":"Vestido Mara\u00f1on"},"content":{"rendered":"","protected":false},"excerpt":{"rendered":"<p>Vestido inspirado en la fruta del mara\u00f1on. Cuando vamos hacia la comunidad ind\u00edgena vemos muchos de estos arboles cargado del delicioso fruto, un fruto muy rojo al madurar. Generalmente nos detenemos a comer del fruto sentados en alg\u00fan tronco, mirando como corren las caudalosas aguas del ri\u00f3 Atrato.<\/p>\n<p>Vestido elaborado en seda fashion, silueta holgada, un poco recto, cuello asim\u00e9rtico, mangas tipo globo donde una esta m\u00e1s recogida que la otra. D\u00e1ndole un toque coqueto al atuendo, colores rojo, blanco, beige, fucsia.<\/p>\n<p>Al usar esta prenda experimentaras la experiencia de viajar por el ri\u00f3 Atrato.<\/p>","protected":false},"featured_media":344,"template":"","meta":[],"product_brand":[],"product_cat":[22],"product_tag":[],"class_list":{"0":"post-343","1":"product","2":"type-product","3":"status-publish","4":"has-post-thumbnail","6":"product_cat-linea-casual-wear","8":"first","9":"instock","10":"shipping-taxable","11":"purchasable","12":"product-type-simple"},"_links":{"self":[{"href":"https:\/\/www.cleinercabadias.com\/en\/wp-json\/wp\/v2\/product\/343","targetHints":{"allow":["GET"]}}],"collection":[{"href":"https:\/\/www.cleinercabadias.com\/en\/wp-json\/wp\/v2\/product"}],"about":[{"href":"https:\/\/www.cleinercabadias.com\/en\/wp-json\/wp\/v2\/types\/product"}],"wp:featuredmedia":[{"embeddable":true,"href":"https:\/\/www.cleinercabadias.com\/en\/wp-json\/wp\/v2\/media\/344"}],"wp:attachment":[{"href":"https:\/\/www.cleinercabadias.com\/en\/wp-json\/wp\/v2\/media?parent=343"}],"wp:term":[{"taxonomy":"product_brand","embeddable":true,"href":"https:\/\/www.cleinercabadias.com\/en\/wp-json\/wp\/v2\/product_brand?post=343"},{"taxonomy":"product_cat","embeddable":true,"href":"https:\/\/www.cleinercabadias.com\/en\/wp-json\/wp\/v2\/product_cat?post=343"},{"taxonomy":"product_tag","embeddable":true,"href":"https:\/\/www.cleinercabadias.com\/en\/wp-json\/wp\/v2\/product_tag?post=343"}],"curies":[{"name":"wp","href":"https:\/\/api.w.org\/{rel}","templated":true}]}}