{"id":333,"date":"2024-07-06T10:07:41","date_gmt":"2024-07-06T10:07:41","guid":{"rendered":"https:\/\/www.cleinercabadias.com\/?post_type=product&#038;p=333"},"modified":"2024-07-06T10:08:37","modified_gmt":"2024-07-06T10:08:37","slug":"vestido-cascada","status":"publish","type":"product","link":"https:\/\/www.cleinercabadias.com\/en\/product\/vestido-cascada\/","title":{"rendered":"Vestido Cascada"},"content":{"rendered":"","protected":false},"excerpt":{"rendered":"<p>Vestido, elaborado en seda negra, con cuello asim\u00e9trico y desde el mismo cuello desprende la manga en forma de cascada formando un pu\u00f1o, silueta entallada hasta la cintura, falda amplia con prense en un costado y con ca\u00edda en vuelo asim\u00e9trico en el otro.<\/p>\n<p>Esta inspirado en la ca\u00edda de una cascada natural y agreste, la persona que lo luce se siente libre como hoja al viento, y en el amalgama de lo elegante y lo casual.<\/p>","protected":false},"featured_media":334,"template":"","meta":[],"product_brand":[],"product_cat":[22],"product_tag":[],"class_list":{"0":"post-333","1":"product","2":"type-product","3":"status-publish","4":"has-post-thumbnail","6":"product_cat-linea-casual-wear","8":"first","9":"instock","10":"shipping-taxable","11":"purchasable","12":"product-type-simple"},"_links":{"self":[{"href":"https:\/\/www.cleinercabadias.com\/en\/wp-json\/wp\/v2\/product\/333","targetHints":{"allow":["GET"]}}],"collection":[{"href":"https:\/\/www.cleinercabadias.com\/en\/wp-json\/wp\/v2\/product"}],"about":[{"href":"https:\/\/www.cleinercabadias.com\/en\/wp-json\/wp\/v2\/types\/product"}],"wp:featuredmedia":[{"embeddable":true,"href":"https:\/\/www.cleinercabadias.com\/en\/wp-json\/wp\/v2\/media\/334"}],"wp:attachment":[{"href":"https:\/\/www.cleinercabadias.com\/en\/wp-json\/wp\/v2\/media?parent=333"}],"wp:term":[{"taxonomy":"product_brand","embeddable":true,"href":"https:\/\/www.cleinercabadias.com\/en\/wp-json\/wp\/v2\/product_brand?post=333"},{"taxonomy":"product_cat","embeddable":true,"href":"https:\/\/www.cleinercabadias.com\/en\/wp-json\/wp\/v2\/product_cat?post=333"},{"taxonomy":"product_tag","embeddable":true,"href":"https:\/\/www.cleinercabadias.com\/en\/wp-json\/wp\/v2\/product_tag?post=333"}],"curies":[{"name":"wp","href":"https:\/\/api.w.org\/{rel}","templated":true}]}}