{"id":323,"date":"2024-07-06T10:03:46","date_gmt":"2024-07-06T10:03:46","guid":{"rendered":"https:\/\/www.cleinercabadias.com\/?post_type=product&#038;p=323"},"modified":"2024-07-06T10:03:46","modified_gmt":"2024-07-06T10:03:46","slug":"vestido-armonia","status":"publish","type":"product","link":"https:\/\/www.cleinercabadias.com\/en\/product\/vestido-armonia\/","title":{"rendered":"Vestido Armon\u00eda"},"content":{"rendered":"","protected":false},"excerpt":{"rendered":"<p>Vestido de silueta entallada inspirado en los d\u00edas con dic\u00f3toma entre la lluvia y sol simult\u00e1neamente, este fen\u00f3meno suele ser ocasional en nuestro Choc\u00f3. Tela escuba, rayas negras, fondo blanco, con flores azules y color arena con pinceladas verdes. Cuello v por delante y detras, en el busto anuda con un laso.<\/p>","protected":false},"featured_media":324,"template":"","meta":[],"product_brand":[],"product_cat":[22],"product_tag":[],"class_list":{"0":"post-323","1":"product","2":"type-product","3":"status-publish","4":"has-post-thumbnail","6":"product_cat-linea-casual-wear","8":"first","9":"instock","10":"shipping-taxable","11":"purchasable","12":"product-type-simple"},"_links":{"self":[{"href":"https:\/\/www.cleinercabadias.com\/en\/wp-json\/wp\/v2\/product\/323","targetHints":{"allow":["GET"]}}],"collection":[{"href":"https:\/\/www.cleinercabadias.com\/en\/wp-json\/wp\/v2\/product"}],"about":[{"href":"https:\/\/www.cleinercabadias.com\/en\/wp-json\/wp\/v2\/types\/product"}],"wp:featuredmedia":[{"embeddable":true,"href":"https:\/\/www.cleinercabadias.com\/en\/wp-json\/wp\/v2\/media\/324"}],"wp:attachment":[{"href":"https:\/\/www.cleinercabadias.com\/en\/wp-json\/wp\/v2\/media?parent=323"}],"wp:term":[{"taxonomy":"product_brand","embeddable":true,"href":"https:\/\/www.cleinercabadias.com\/en\/wp-json\/wp\/v2\/product_brand?post=323"},{"taxonomy":"product_cat","embeddable":true,"href":"https:\/\/www.cleinercabadias.com\/en\/wp-json\/wp\/v2\/product_cat?post=323"},{"taxonomy":"product_tag","embeddable":true,"href":"https:\/\/www.cleinercabadias.com\/en\/wp-json\/wp\/v2\/product_tag?post=323"}],"curies":[{"name":"wp","href":"https:\/\/api.w.org\/{rel}","templated":true}]}}