{"id":298,"date":"2024-07-06T09:11:26","date_gmt":"2024-07-06T09:11:26","guid":{"rendered":"https:\/\/www.cleinercabadias.com\/?post_type=product&#038;p=298"},"modified":"2024-07-06T09:11:26","modified_gmt":"2024-07-06T09:11:26","slug":"body-princesa","status":"publish","type":"product","link":"https:\/\/www.cleinercabadias.com\/en\/product\/body-princesa\/","title":{"rendered":"Body Princesa"},"content":{"rendered":"","protected":false},"excerpt":{"rendered":"<p>Body Princesa, inspirada en el cuerpo de las ind\u00edgenas ember\u00e1s, la cultura ember\u00e1 viste la parte inferior del cuerpo mostrando la parte superior como templo sagrado. Elaborado en tul color arena, y detalles en<strong data-w-id=\"e150d165-6395-c01d-212b-cbdd90bd8302\" data-wf-id=\"[&quot;e150d165-6395-c01d-212b-cbdd90bd8302&quot;]\">\u00a0mola<\/strong>. En la parte del panty cuenta con tela el\u00e1stica y c\u00f3moda, broche en la entrepierna.<br data-w-id=\"ca6aa457-ea0b-3890-43a5-0a6e55c58759\" data-wf-id=\"[&quot;ca6aa457-ea0b-3890-43a5-0a6e55c58759&quot;,&quot;LineBreak&quot;]\" \/>\u200d<br data-w-id=\"1086c2f5-b22c-a096-8c10-94610fd6b360\" data-wf-id=\"[&quot;1086c2f5-b22c-a096-8c10-94610fd6b360&quot;,&quot;LineBreak&quot;]\" \/>Mujer al usar esta prenda tu cuerpo es un templo sagrado que debes cuidar y proteger.<\/p>","protected":false},"featured_media":299,"template":"","meta":[],"product_brand":[],"product_cat":[21],"product_tag":[],"class_list":{"0":"post-298","1":"product","2":"type-product","3":"status-publish","4":"has-post-thumbnail","6":"product_cat-linea-etnica","8":"first","9":"instock","10":"shipping-taxable","11":"purchasable","12":"product-type-simple"},"_links":{"self":[{"href":"https:\/\/www.cleinercabadias.com\/en\/wp-json\/wp\/v2\/product\/298","targetHints":{"allow":["GET"]}}],"collection":[{"href":"https:\/\/www.cleinercabadias.com\/en\/wp-json\/wp\/v2\/product"}],"about":[{"href":"https:\/\/www.cleinercabadias.com\/en\/wp-json\/wp\/v2\/types\/product"}],"wp:featuredmedia":[{"embeddable":true,"href":"https:\/\/www.cleinercabadias.com\/en\/wp-json\/wp\/v2\/media\/299"}],"wp:attachment":[{"href":"https:\/\/www.cleinercabadias.com\/en\/wp-json\/wp\/v2\/media?parent=298"}],"wp:term":[{"taxonomy":"product_brand","embeddable":true,"href":"https:\/\/www.cleinercabadias.com\/en\/wp-json\/wp\/v2\/product_brand?post=298"},{"taxonomy":"product_cat","embeddable":true,"href":"https:\/\/www.cleinercabadias.com\/en\/wp-json\/wp\/v2\/product_cat?post=298"},{"taxonomy":"product_tag","embeddable":true,"href":"https:\/\/www.cleinercabadias.com\/en\/wp-json\/wp\/v2\/product_tag?post=298"}],"curies":[{"name":"wp","href":"https:\/\/api.w.org\/{rel}","templated":true}]}}